{"id":63,"date":"2020-06-25T21:31:43","date_gmt":"2020-06-25T19:31:43","guid":{"rendered":"https:\/\/www.labadira.com\/?page_id=63"},"modified":"2021-04-07T19:06:11","modified_gmt":"2021-04-07T17:06:11","slug":"contact","status":"publish","type":"page","link":"https:\/\/www.labadira.com\/en\/contact\/","title":{"rendered":"Contact"},"content":{"rendered":"Dans un lieu raffin\u00e9, renouant avec les artistes du d\u00e9but du XXe si\u00e8cle, venus s&#8217;inspirer de la lumi\u00e8re unique d&#8217;Hammamet, \u00ab La Badira \u00bb, fi\u00e8rement dress\u00e9e sur sa pointe, s&#8217;\u00e9quilibre entre jardins et mer et vous emm\u00e8ne sur les traces de Paul Klee, Jean Cocteau, Wallis Simpson ou August Macke &#8230; Au c\u0153ur de cette Tunisie des Arts, des premi\u00e8res heures du matin \u00e0 la tomb\u00e9e de la nuit, la Badira invite \u00e0 la paresse, l&#8217;inspiration et la volupt\u00e9.","protected":false},"excerpt":{"rendered":"<p>Dans un lieu raffin\u00e9, renouant avec les artistes du d\u00e9but du XXe si\u00e8cle, venus s&#8217;inspirer de la lumi\u00e8re unique d&#8217;Hammamet, \u00ab La Badira \u00bb, fi\u00e8rement dress\u00e9e sur sa pointe, s&#8217;\u00e9quilibre entre jardins et mer et vous emm\u00e8ne sur les traces de Paul Klee, Jean Cocteau, Wallis Simpson ou August Macke &#8230; Au c\u0153ur de cette &hellip; <a href=\"https:\/\/www.labadira.com\/en\/contact\/\" class=\"more-link\">Continue reading<span class=\"screen-reader-text\"> &#8220;Contact&#8221;<\/span><\/a><\/p>\n","protected":false},"author":1,"featured_media":412,"parent":0,"menu_order":0,"comment_status":"closed","ping_status":"closed","template":"contact.php","meta":{"two_page_speed":[],"footnotes":""},"class_list":["post-63","page","type-page","status-publish","has-post-thumbnail","hentry"],"aioseo_notices":[],"_links":{"self":[{"href":"https:\/\/www.labadira.com\/en\/wp-json\/wp\/v2\/pages\/63","targetHints":{"allow":["GET"]}}],"collection":[{"href":"https:\/\/www.labadira.com\/en\/wp-json\/wp\/v2\/pages"}],"about":[{"href":"https:\/\/www.labadira.com\/en\/wp-json\/wp\/v2\/types\/page"}],"author":[{"embeddable":true,"href":"https:\/\/www.labadira.com\/en\/wp-json\/wp\/v2\/users\/1"}],"replies":[{"embeddable":true,"href":"https:\/\/www.labadira.com\/en\/wp-json\/wp\/v2\/comments?post=63"}],"version-history":[{"count":0,"href":"https:\/\/www.labadira.com\/en\/wp-json\/wp\/v2\/pages\/63\/revisions"}],"wp:featuredmedia":[{"embeddable":true,"href":"https:\/\/www.labadira.com\/en\/wp-json\/wp\/v2\/media\/412"}],"wp:attachment":[{"href":"https:\/\/www.labadira.com\/en\/wp-json\/wp\/v2\/media?parent=63"}],"curies":[{"name":"wp","href":"https:\/\/api.w.org\/{rel}","templated":true}]}}